 {"id":1528,"date":"2025-04-15T14:49:38","date_gmt":"2025-04-15T11:49:38","guid":{"rendered":"https:\/\/linemed.com.tr\/linemedin-misyonu\/"},"modified":"2025-04-22T10:43:01","modified_gmt":"2025-04-22T07:43:01","slug":"linemeds-mission","status":"publish","type":"page","link":"https:\/\/linemed.com.tr\/de\/linemeds-mission\/","title":{"rendered":"Linemeds Mission"},"content":{"rendered":"<h2>Linemeds Mission<\/h2>\n<p>Unseren Kunden sofortige und sichtbare Ergebnisse im Bereich der medizinischen \u00c4sthetik zu bieten und mit sicheren und wirksamen Dienstleistungen h\u00f6chste Zufriedenheit zu gew\u00e4hrleisten.<\/p>\n<p>W\u00e4hrend wir mit unseren erfahrenen \u00c4rzten, Krankenschwestern und Teams daf\u00fcr sorgen, dass jeder Einzelne seine \u00e4sthetischen Ziele erreicht, haben Gesundheit und Sicherheit f\u00fcr uns oberste Priorit\u00e4t.<\/p>\n<p>Wir h\u00f6ren auf die Bed\u00fcrfnisse unserer Kunden und bieten personalisierte L\u00f6sungen.<\/p>\n","protected":false},"excerpt":{"rendered":"<p>Linemeds Mission Unseren Kunden sofortige und sichtbare Ergebnisse im Bereich der medizinischen \u00c4sthetik zu bieten und mit sicheren und wirksamen Dienstleistungen h\u00f6chste Zufriedenheit zu gew\u00e4hrleisten. W\u00e4hrend wir mit unseren erfahrenen \u00c4rzten, Krankenschwestern und Teams daf\u00fcr sorgen, dass jeder Einzelne seine \u00e4sthetischen Ziele erreicht, haben Gesundheit und Sicherheit f\u00fcr uns oberste Priorit\u00e4t. Wir h\u00f6ren auf die [&hellip;]<\/p>\n","protected":false},"author":1,"featured_media":2054,"parent":0,"menu_order":17,"comment_status":"closed","ping_status":"closed","template":"","meta":{"footnotes":""},"class_list":["post-1528","page","type-page","status-publish","has-post-thumbnail","hentry"],"_links":{"self":[{"href":"https:\/\/linemed.com.tr\/de\/wp-json\/wp\/v2\/pages\/1528","targetHints":{"allow":["GET"]}}],"collection":[{"href":"https:\/\/linemed.com.tr\/de\/wp-json\/wp\/v2\/pages"}],"about":[{"href":"https:\/\/linemed.com.tr\/de\/wp-json\/wp\/v2\/types\/page"}],"author":[{"embeddable":true,"href":"https:\/\/linemed.com.tr\/de\/wp-json\/wp\/v2\/users\/1"}],"replies":[{"embeddable":true,"href":"https:\/\/linemed.com.tr\/de\/wp-json\/wp\/v2\/comments?post=1528"}],"version-history":[{"count":2,"href":"https:\/\/linemed.com.tr\/de\/wp-json\/wp\/v2\/pages\/1528\/revisions"}],"predecessor-version":[{"id":1540,"href":"https:\/\/linemed.com.tr\/de\/wp-json\/wp\/v2\/pages\/1528\/revisions\/1540"}],"wp:featuredmedia":[{"embeddable":true,"href":"https:\/\/linemed.com.tr\/de\/wp-json\/wp\/v2\/media\/2054"}],"wp:attachment":[{"href":"https:\/\/linemed.com.tr\/de\/wp-json\/wp\/v2\/media?parent=1528"}],"curies":[{"name":"wp","href":"https:\/\/api.w.org\/{rel}","templated":true}]}}