 {"id":1529,"date":"2025-04-15T14:50:05","date_gmt":"2025-04-15T11:50:05","guid":{"rendered":"https:\/\/linemed.com.tr\/linemedin-vizyonu\/"},"modified":"2025-04-22T10:44:01","modified_gmt":"2025-04-22T07:44:01","slug":"die-vision-von-linemed","status":"publish","type":"page","link":"https:\/\/linemed.com.tr\/de\/die-vision-von-linemed\/","title":{"rendered":"Die Vision von Linemed"},"content":{"rendered":"<h2>Die Vision von Linemed<\/h2>\n<p>Als f\u00fchrende Marke im Bereich der medizinischen \u00c4sthetik m\u00f6chten wir mit unseren zuverl\u00e4ssigen Dienstleistungen sicherstellen, dass jeder Einzelne seine \u00e4sthetischen Ziele erreicht. Eine hohe Kundenzufriedenheit ist dabei unser Grundprinzip.<\/p>\n<p>Dank unseres kundenorientierten Ansatzes und unseres kontinuierlichen Entwicklungsansatzes m\u00f6chten wir mehr Menschen erreichen und ihre \u00e4sthetischen Erfahrungen verbessern, indem wir die Anzahl unserer Filialen im ganzen Land erh\u00f6hen.<\/p>\n<p>Mit unserem Verst\u00e4ndnis von Qualit\u00e4t, Innovation und Vertrauen bieten wir unseren Kunden die besten Ergebnisse der Branche, indem wir die Kundenzufriedenheit in jeder unserer Niederlassungen maximieren.<\/p>\n","protected":false},"excerpt":{"rendered":"<p>Die Vision von Linemed Als f\u00fchrende Marke im Bereich der medizinischen \u00c4sthetik m\u00f6chten wir mit unseren zuverl\u00e4ssigen Dienstleistungen sicherstellen, dass jeder Einzelne seine \u00e4sthetischen Ziele erreicht. Eine hohe Kundenzufriedenheit ist dabei unser Grundprinzip. Dank unseres kundenorientierten Ansatzes und unseres kontinuierlichen Entwicklungsansatzes m\u00f6chten wir mehr Menschen erreichen und ihre \u00e4sthetischen Erfahrungen verbessern, indem wir die Anzahl [&hellip;]<\/p>\n","protected":false},"author":1,"featured_media":2054,"parent":0,"menu_order":21,"comment_status":"closed","ping_status":"closed","template":"","meta":{"footnotes":""},"class_list":["post-1529","page","type-page","status-publish","has-post-thumbnail","hentry"],"_links":{"self":[{"href":"https:\/\/linemed.com.tr\/de\/wp-json\/wp\/v2\/pages\/1529","targetHints":{"allow":["GET"]}}],"collection":[{"href":"https:\/\/linemed.com.tr\/de\/wp-json\/wp\/v2\/pages"}],"about":[{"href":"https:\/\/linemed.com.tr\/de\/wp-json\/wp\/v2\/types\/page"}],"author":[{"embeddable":true,"href":"https:\/\/linemed.com.tr\/de\/wp-json\/wp\/v2\/users\/1"}],"replies":[{"embeddable":true,"href":"https:\/\/linemed.com.tr\/de\/wp-json\/wp\/v2\/comments?post=1529"}],"version-history":[{"count":3,"href":"https:\/\/linemed.com.tr\/de\/wp-json\/wp\/v2\/pages\/1529\/revisions"}],"predecessor-version":[{"id":1543,"href":"https:\/\/linemed.com.tr\/de\/wp-json\/wp\/v2\/pages\/1529\/revisions\/1543"}],"wp:featuredmedia":[{"embeddable":true,"href":"https:\/\/linemed.com.tr\/de\/wp-json\/wp\/v2\/media\/2054"}],"wp:attachment":[{"href":"https:\/\/linemed.com.tr\/de\/wp-json\/wp\/v2\/media?parent=1529"}],"curies":[{"name":"wp","href":"https:\/\/api.w.org\/{rel}","templated":true}]}}